{"id":157,"date":"2008-11-11T16:19:05","date_gmt":"2008-11-11T14:19:05","guid":{"rendered":"http:\/\/hopadikiks.ch\/wordpress\/?page_id=157"},"modified":"2014-11-11T14:26:12","modified_gmt":"2014-11-11T13:26:12","slug":"comembers","status":"publish","type":"page","link":"https:\/\/www.hopadikiks.ch\/wordpress\/comembers\/","title":{"rendered":"Comembers"},"content":{"rendered":"<h4>Der Administrator<\/h4>\n<figure id=\"attachment_1040\" aria-describedby=\"caption-attachment-1040\" style=\"width: 225px\" class=\"wp-caption alignnone\"><img loading=\"lazy\" decoding=\"async\" class=\"size-full wp-image-1040\" title=\"ren_1968\" src=\"http:\/\/hopadikiks.ch\/wordpress\/wp-content\/uploads\/2008\/11\/ren_1968.jpg\" alt=\"Renato\" width=\"225\" height=\"320\" srcset=\"https:\/\/www.hopadikiks.ch\/wordpress\/wp-content\/uploads\/2008\/11\/ren_1968.jpg 225w, https:\/\/www.hopadikiks.ch\/wordpress\/wp-content\/uploads\/2008\/11\/ren_1968-210x300.jpg 210w\" sizes=\"auto, (max-width: 225px) 100vw, 225px\" \/><figcaption id=\"caption-attachment-1040\" class=\"wp-caption-text\">Renato<\/figcaption><\/figure>\n<h4><strong>Der Milit\u00e4r-Attach\u00e9<\/strong><\/h4>\n<p><strong><\/strong><\/p>\n<figure id=\"attachment_1025\" aria-describedby=\"caption-attachment-1025\" style=\"width: 225px\" class=\"wp-caption alignnone\"><strong><strong><img loading=\"lazy\" decoding=\"async\" class=\"size-full wp-image-1025\" title=\"beer_19881\" src=\"http:\/\/hopadikiks.ch\/wordpress\/wp-content\/uploads\/2008\/11\/beer_19881.jpg\" alt=\"Marcel\" width=\"225\" height=\"320\" srcset=\"https:\/\/www.hopadikiks.ch\/wordpress\/wp-content\/uploads\/2008\/11\/beer_19881.jpg 225w, https:\/\/www.hopadikiks.ch\/wordpress\/wp-content\/uploads\/2008\/11\/beer_19881-210x300.jpg 210w\" sizes=\"auto, (max-width: 225px) 100vw, 225px\" \/><\/strong><\/strong><figcaption id=\"caption-attachment-1025\" class=\"wp-caption-text\">Marcel<\/figcaption><\/figure>\n<p><strong><\/strong><\/p>\n<p><strong><\/strong><\/p>\n<h4>Der Pressechef<\/h4>\n<figure id=\"attachment_1021\" aria-describedby=\"caption-attachment-1021\" style=\"width: 225px\" class=\"wp-caption alignnone\"><img loading=\"lazy\" decoding=\"async\" class=\"size-full wp-image-1021\" title=\"pat_1982\" src=\"http:\/\/hopadikiks.ch\/wordpress\/wp-content\/uploads\/2008\/11\/pat_1982.jpg\" alt=\"Patrick\" width=\"225\" height=\"320\" srcset=\"https:\/\/www.hopadikiks.ch\/wordpress\/wp-content\/uploads\/2008\/11\/pat_1982.jpg 225w, https:\/\/www.hopadikiks.ch\/wordpress\/wp-content\/uploads\/2008\/11\/pat_1982-210x300.jpg 210w\" sizes=\"auto, (max-width: 225px) 100vw, 225px\" \/><figcaption id=\"caption-attachment-1021\" class=\"wp-caption-text\">Patrick<\/figcaption><\/figure>\n<h4>Der Planungschef<\/h4>\n<figure id=\"attachment_1027\" aria-describedby=\"caption-attachment-1027\" style=\"width: 225px\" class=\"wp-caption alignnone\"><img loading=\"lazy\" decoding=\"async\" class=\"size-full wp-image-1027\" title=\"nidi_1976\" src=\"http:\/\/hopadikiks.ch\/wordpress\/wp-content\/uploads\/2008\/11\/nidi_1976.jpg\" alt=\"Nidi\" width=\"225\" height=\"320\" srcset=\"https:\/\/www.hopadikiks.ch\/wordpress\/wp-content\/uploads\/2008\/11\/nidi_1976.jpg 225w, https:\/\/www.hopadikiks.ch\/wordpress\/wp-content\/uploads\/2008\/11\/nidi_1976-210x300.jpg 210w\" sizes=\"auto, (max-width: 225px) 100vw, 225px\" \/><figcaption id=\"caption-attachment-1027\" class=\"wp-caption-text\">Nidi<\/figcaption><\/figure>\n<h4>Der Designer<\/h4>\n<figure id=\"attachment_1028\" aria-describedby=\"caption-attachment-1028\" style=\"width: 225px\" class=\"wp-caption alignnone\"><img loading=\"lazy\" decoding=\"async\" class=\"size-full wp-image-1028\" title=\"reto_1966\" src=\"http:\/\/hopadikiks.ch\/wordpress\/wp-content\/uploads\/2008\/11\/reto_1966.jpg\" alt=\"Reto\" width=\"225\" height=\"320\" srcset=\"https:\/\/www.hopadikiks.ch\/wordpress\/wp-content\/uploads\/2008\/11\/reto_1966.jpg 225w, https:\/\/www.hopadikiks.ch\/wordpress\/wp-content\/uploads\/2008\/11\/reto_1966-210x300.jpg 210w\" sizes=\"auto, (max-width: 225px) 100vw, 225px\" \/><figcaption id=\"caption-attachment-1028\" class=\"wp-caption-text\">Reto<\/figcaption><\/figure>\n<h4>Die Gespr\u00e4chskultur<\/h4>\n<figure id=\"attachment_1029\" aria-describedby=\"caption-attachment-1029\" style=\"width: 225px\" class=\"wp-caption alignnone\"><img loading=\"lazy\" decoding=\"async\" class=\"size-full wp-image-1029\" title=\"tum_1992\" src=\"http:\/\/hopadikiks.ch\/wordpress\/wp-content\/uploads\/2008\/11\/tum_1992.jpg\" alt=\"Thomas\" width=\"225\" height=\"320\" srcset=\"https:\/\/www.hopadikiks.ch\/wordpress\/wp-content\/uploads\/2008\/11\/tum_1992.jpg 225w, https:\/\/www.hopadikiks.ch\/wordpress\/wp-content\/uploads\/2008\/11\/tum_1992-210x300.jpg 210w\" sizes=\"auto, (max-width: 225px) 100vw, 225px\" \/><figcaption id=\"caption-attachment-1029\" class=\"wp-caption-text\">Thomas<\/figcaption><\/figure>\n<h4>Der Kassier<\/h4>\n<figure id=\"attachment_1038\" aria-describedby=\"caption-attachment-1038\" style=\"width: 225px\" class=\"wp-caption alignnone\"><img loading=\"lazy\" decoding=\"async\" class=\"size-full wp-image-1038\" title=\"fufu_1990\" src=\"http:\/\/hopadikiks.ch\/wordpress\/wp-content\/uploads\/2008\/11\/fufu_1990.jpg\" alt=\"Daniel\" width=\"225\" height=\"320\" srcset=\"https:\/\/www.hopadikiks.ch\/wordpress\/wp-content\/uploads\/2008\/11\/fufu_1990.jpg 225w, https:\/\/www.hopadikiks.ch\/wordpress\/wp-content\/uploads\/2008\/11\/fufu_1990-210x300.jpg 210w\" sizes=\"auto, (max-width: 225px) 100vw, 225px\" \/><figcaption id=\"caption-attachment-1038\" class=\"wp-caption-text\">Daniel<\/figcaption><\/figure>\n<h4>Der Hoffotograf<\/h4>\n<figure id=\"attachment_1031\" aria-describedby=\"caption-attachment-1031\" style=\"width: 225px\" class=\"wp-caption alignnone\"><img loading=\"lazy\" decoding=\"async\" class=\"size-full wp-image-1031\" title=\"claud_2000\" src=\"http:\/\/hopadikiks.ch\/wordpress\/wp-content\/uploads\/2008\/11\/claud_2000.jpg\" alt=\"Claudio\" width=\"225\" height=\"320\" srcset=\"https:\/\/www.hopadikiks.ch\/wordpress\/wp-content\/uploads\/2008\/11\/claud_2000.jpg 225w, https:\/\/www.hopadikiks.ch\/wordpress\/wp-content\/uploads\/2008\/11\/claud_2000-210x300.jpg 210w\" sizes=\"auto, (max-width: 225px) 100vw, 225px\" \/><figcaption id=\"caption-attachment-1031\" class=\"wp-caption-text\">Claudio<\/figcaption><\/figure>\n<h4>Der Kleischter-Meitscher<\/h4>\n<figure id=\"attachment_1032\" aria-describedby=\"caption-attachment-1032\" style=\"width: 225px\" class=\"wp-caption alignnone\"><img loading=\"lazy\" decoding=\"async\" class=\"size-full wp-image-1032\" title=\"rub_1996\" src=\"http:\/\/hopadikiks.ch\/wordpress\/wp-content\/uploads\/2008\/11\/rub_1996.jpg\" alt=\"Ruben\" width=\"225\" height=\"320\" srcset=\"https:\/\/www.hopadikiks.ch\/wordpress\/wp-content\/uploads\/2008\/11\/rub_1996.jpg 225w, https:\/\/www.hopadikiks.ch\/wordpress\/wp-content\/uploads\/2008\/11\/rub_1996-210x300.jpg 210w\" sizes=\"auto, (max-width: 225px) 100vw, 225px\" \/><figcaption id=\"caption-attachment-1032\" class=\"wp-caption-text\">Ruben<\/figcaption><\/figure>\n<h4>Der Pedel<\/h4>\n<figure id=\"attachment_1033\" aria-describedby=\"caption-attachment-1033\" style=\"width: 225px\" class=\"wp-caption alignnone\"><img loading=\"lazy\" decoding=\"async\" class=\"size-full wp-image-1033\" title=\"coek_1970\" src=\"http:\/\/hopadikiks.ch\/wordpress\/wp-content\/uploads\/2008\/11\/coek_1970.jpg\" alt=\"Corsin\" width=\"225\" height=\"320\" srcset=\"https:\/\/www.hopadikiks.ch\/wordpress\/wp-content\/uploads\/2008\/11\/coek_1970.jpg 225w, https:\/\/www.hopadikiks.ch\/wordpress\/wp-content\/uploads\/2008\/11\/coek_1970-210x300.jpg 210w\" sizes=\"auto, (max-width: 225px) 100vw, 225px\" \/><figcaption id=\"caption-attachment-1033\" class=\"wp-caption-text\">Corsin<\/figcaption><\/figure>\n<h4>Der Animator<\/h4>\n<figure id=\"attachment_1034\" aria-describedby=\"caption-attachment-1034\" style=\"width: 225px\" class=\"wp-caption alignnone\"><img loading=\"lazy\" decoding=\"async\" class=\"size-full wp-image-1034\" title=\"andre_1978\" src=\"http:\/\/hopadikiks.ch\/wordpress\/wp-content\/uploads\/2008\/11\/andre_1978.jpg\" alt=\"Andr\u00e9\" width=\"225\" height=\"320\" srcset=\"https:\/\/www.hopadikiks.ch\/wordpress\/wp-content\/uploads\/2008\/11\/andre_1978.jpg 225w, https:\/\/www.hopadikiks.ch\/wordpress\/wp-content\/uploads\/2008\/11\/andre_1978-210x300.jpg 210w\" sizes=\"auto, (max-width: 225px) 100vw, 225px\" \/><figcaption id=\"caption-attachment-1034\" class=\"wp-caption-text\">Andr\u00e9<\/figcaption><\/figure>\n<h4>Der Baumeister<\/h4>\n<figure id=\"attachment_1035\" aria-describedby=\"caption-attachment-1035\" style=\"width: 225px\" class=\"wp-caption alignnone\"><img loading=\"lazy\" decoding=\"async\" class=\"size-full wp-image-1035\" title=\"flu_1986\" src=\"http:\/\/hopadikiks.ch\/wordpress\/wp-content\/uploads\/2008\/11\/flu_1986.jpg\" alt=\"Flurin\" width=\"225\" height=\"320\" srcset=\"https:\/\/www.hopadikiks.ch\/wordpress\/wp-content\/uploads\/2008\/11\/flu_1986.jpg 225w, https:\/\/www.hopadikiks.ch\/wordpress\/wp-content\/uploads\/2008\/11\/flu_1986-210x300.jpg 210w\" sizes=\"auto, (max-width: 225px) 100vw, 225px\" \/><figcaption id=\"caption-attachment-1035\" class=\"wp-caption-text\">Flurin<\/figcaption><\/figure>\n<h4>Der Geberitverarbeiter + Mat Chef<\/h4>\n<figure id=\"attachment_1054\" aria-describedby=\"caption-attachment-1054\" style=\"width: 225px\" class=\"wp-caption alignnone\"><img loading=\"lazy\" decoding=\"async\" class=\"size-full wp-image-1054\" title=\"pipo_1980\" src=\"http:\/\/hopadikiks.ch\/wordpress\/wp-content\/uploads\/2008\/11\/pipo_1980.jpg\" alt=\"Pieder\" width=\"225\" height=\"320\" srcset=\"https:\/\/www.hopadikiks.ch\/wordpress\/wp-content\/uploads\/2008\/11\/pipo_1980.jpg 225w, https:\/\/www.hopadikiks.ch\/wordpress\/wp-content\/uploads\/2008\/11\/pipo_1980-210x300.jpg 210w\" sizes=\"auto, (max-width: 225px) 100vw, 225px\" \/><figcaption id=\"caption-attachment-1054\" class=\"wp-caption-text\">Pieder<\/figcaption><\/figure>\n<h4>Der Grill- und B\u00f6llermeister<\/h4>\n<figure id=\"attachment_1054\" aria-describedby=\"caption-attachment-1054\" style=\"width: 225px\" class=\"wp-caption alignnone\"><img loading=\"lazy\" decoding=\"async\" class=\"size-full wp-image-1054\" title=\"chiggo_1960\" src=\"http:\/\/hopadikiks.ch\/wordpress\/wp-content\/uploads\/2014\/11\/chiggo_1960.jpg\" alt=\"Chiggo\" width=\"225\" height=\"320\" \/><figcaption id=\"caption-attachment-1054\" class=\"wp-caption-text\">Chiggo<\/figcaption><\/figure>\n","protected":false},"excerpt":{"rendered":"<p>Der Administrator Der Milit\u00e4r-Attach\u00e9 Der Pressechef Der Planungschef Der Designer Die Gespr\u00e4chskultur Der Kassier Der Hoffotograf Der Kleischter-Meitscher Der Pedel Der Animator Der Baumeister Der Geberitverarbeiter + Mat Chef Der Grill- und B\u00f6llermeister<\/p>\n","protected":false},"author":3,"featured_media":0,"parent":0,"menu_order":4,"comment_status":"closed","ping_status":"closed","template":"","meta":{"footnotes":""},"class_list":["post-157","page","type-page","status-publish","hentry"],"_links":{"self":[{"href":"https:\/\/www.hopadikiks.ch\/wordpress\/wp-json\/wp\/v2\/pages\/157","targetHints":{"allow":["GET"]}}],"collection":[{"href":"https:\/\/www.hopadikiks.ch\/wordpress\/wp-json\/wp\/v2\/pages"}],"about":[{"href":"https:\/\/www.hopadikiks.ch\/wordpress\/wp-json\/wp\/v2\/types\/page"}],"author":[{"embeddable":true,"href":"https:\/\/www.hopadikiks.ch\/wordpress\/wp-json\/wp\/v2\/users\/3"}],"replies":[{"embeddable":true,"href":"https:\/\/www.hopadikiks.ch\/wordpress\/wp-json\/wp\/v2\/comments?post=157"}],"version-history":[{"count":38,"href":"https:\/\/www.hopadikiks.ch\/wordpress\/wp-json\/wp\/v2\/pages\/157\/revisions"}],"predecessor-version":[{"id":3248,"href":"https:\/\/www.hopadikiks.ch\/wordpress\/wp-json\/wp\/v2\/pages\/157\/revisions\/3248"}],"wp:attachment":[{"href":"https:\/\/www.hopadikiks.ch\/wordpress\/wp-json\/wp\/v2\/media?parent=157"}],"curies":[{"name":"wp","href":"https:\/\/api.w.org\/{rel}","templated":true}]}}